{"id":11868,"date":"2019-07-24T10:41:21","date_gmt":"2019-07-24T10:41:21","guid":{"rendered":"https:\/\/www.fsyc.org\/cuidarnet\/?page_id=11868"},"modified":"2019-09-06T11:35:35","modified_gmt":"2019-09-06T11:35:35","slug":"10-la-vida-social-y-comunitaria","status":"publish","type":"page","link":"https:\/\/www.fsyc.org\/cuidarnet\/temario-cuidar-al-que-cuida\/10-la-vida-social-y-comunitaria\/","title":{"rendered":"10 &#8211;  La vida social y comunitaria"},"content":{"rendered":"<p><div class=\"fusion-fullwidth fullwidth-box fusion-builder-row-1 titulo-pagina-container hundred-percent-fullwidth non-hundred-percent-height-scrolling fusion-equal-height-columns\" style=\"--awb-background-position:left top;--awb-border-radius-top-left:0px;--awb-border-radius-top-right:0px;--awb-border-radius-bottom-right:0px;--awb-border-radius-bottom-left:0px;--awb-padding-top:0px;--awb-padding-right:0px;--awb-padding-bottom:0px;--awb-padding-left:0px;--awb-margin-bottom:55px;--awb-background-color:#0cb3ac;--awb-flex-wrap:wrap;\" ><div class=\"fusion-builder-row fusion-row\"><div class=\"fusion-layout-column fusion_builder_column fusion-builder-column-0 fusion_builder_column_1_1 1_1 fusion-one-full fusion-column-first fusion-column-last fusion-column-no-min-height\" style=\"--awb-bg-size:cover;--awb-margin-bottom:0px;\"><div class=\"fusion-column-wrapper fusion-column-has-shadow fusion-flex-column-wrapper-legacy\"><div class=\"fusion-text fusion-text-1 home-capitulo-franja-modulo modulo-3\"><p>M\u00f3dulo III<\/p>\n<\/div><div class=\"fusion-clearfix\"><\/div><\/div><\/div><div class=\"fusion-layout-column fusion_builder_column fusion-builder-column-1 fusion_builder_column_1_3 1_3 fusion-one-third fusion-column-first\" style=\"--awb-padding-top:30px;--awb-padding-right:30px;--awb-padding-bottom:0px;--awb-padding-left:30px;--awb-bg-color:#1e807a;--awb-bg-color-hover:#1e807a;--awb-bg-size:cover;--awb-margin-bottom:0px;width:33.333333333333%;width:calc(33.333333333333% - ( ( 4% ) * 0.33333333333333 ) );margin-right: 4%;\"><div class=\"fusion-column-wrapper fusion-column-has-shadow fusion-flex-column-wrapper-legacy\"><div class=\"fusion-column-content-centered\"><div class=\"fusion-column-content\"><div class=\"fusion-image-element fusion-image-align-center in-legacy-container\" style=\"text-align:center;--awb-caption-title-font-family:var(--h2_typography-font-family);--awb-caption-title-font-weight:var(--h2_typography-font-weight);--awb-caption-title-font-style:var(--h2_typography-font-style);--awb-caption-title-size:var(--h2_typography-font-size);--awb-caption-title-transform:var(--h2_typography-text-transform);--awb-caption-title-line-height:var(--h2_typography-line-height);--awb-caption-title-letter-spacing:var(--h2_typography-letter-spacing);\"><div class=\"imageframe-align-center\"><span class=\" fusion-imageframe imageframe-none imageframe-1 hover-type-none fusion-animated\" data-animationType=\"slideInLeft\" data-animationDuration=\"0.3\" data-animationOffset=\"top-into-view\"><img decoding=\"async\" width=\"550\" height=\"450\" title=\"capitulo10-header-bg\" src=\"https:\/\/www.fsyc.org\/cuidarnet\/archivos\/capitulo10-header-bg.png\" alt class=\"img-responsive wp-image-12192\" srcset=\"https:\/\/www.fsyc.org\/cuidarnet\/archivos\/capitulo10-header-bg-200x164.png 200w, https:\/\/www.fsyc.org\/cuidarnet\/archivos\/capitulo10-header-bg-400x327.png 400w, https:\/\/www.fsyc.org\/cuidarnet\/archivos\/capitulo10-header-bg.png 550w\" sizes=\"(max-width: 960px) 100vw, 400px\" \/><\/span><\/div><\/div><\/div><\/div><div class=\"fusion-clearfix\"><\/div><\/div><\/div><div class=\"fusion-layout-column fusion_builder_column fusion-builder-column-2 fusion_builder_column_2_3 2_3 fusion-two-third fusion-column-last\" style=\"--awb-padding-right:30px;--awb-padding-left:30px;--awb-bg-size:cover;--awb-margin-bottom:0px;width:66.666666666667%;width:calc(66.666666666667% - ( ( 4% ) * 0.66666666666667 ) );\"><div class=\"fusion-column-wrapper fusion-column-has-shadow fusion-flex-column-wrapper-legacy\"><div class=\"fusion-column-content-centered\"><div class=\"fusion-column-content\"><div class=\"fusion-text fusion-text-2 numero-capitulo\"><p style=\"text-align: center;\">10<\/p>\n<\/div><div class=\"fusion-title title fusion-title-1 fusion-title-text fusion-title-size-one titulo-pagina width800\" style=\"--awb-text-color:#ffffff;--awb-margin-bottom:12px;\"><h1 class=\"fusion-title-heading title-heading-left fusion-responsive-typography-calculated\" style=\"margin:0;--fontSize:33;line-height:1.45;\">La vida social y comunitaria<\/h1><span class=\"awb-title-spacer\"><\/span><div class=\"title-sep-container\"><div class=\"title-sep sep- sep-solid\" style=\"border-color:#e0dede;\"><\/div><\/div><\/div><div class=\"fusion-title title fusion-title-2 fusion-title-text fusion-title-size-five width800\" style=\"--awb-text-color:#ffffff;\"><h5 class=\"fusion-title-heading title-heading-left fusion-responsive-typography-calculated\" style=\"margin:0;--fontSize:20;--minFontSize:20;line-height:1.38;\">El valor de realizar actividades f\u00edsicas, sociales, culturales o de ocio<\/h5><span class=\"awb-title-spacer\"><\/span><div class=\"title-sep-container\"><div class=\"title-sep sep- sep-solid\" style=\"border-color:#e0dede;\"><\/div><\/div><\/div><\/div><\/div><div class=\"fusion-clearfix\"><\/div><\/div><\/div><\/div><\/div><div class=\"fusion-fullwidth fullwidth-box fusion-builder-row-2 nonhundred-percent-fullwidth non-hundred-percent-height-scrolling\" style=\"--awb-border-radius-top-left:0px;--awb-border-radius-top-right:0px;--awb-border-radius-bottom-right:0px;--awb-border-radius-bottom-left:0px;--awb-flex-wrap:wrap;\" ><div class=\"fusion-builder-row fusion-row\"><div class=\"fusion-layout-column fusion_builder_column fusion-builder-column-3 fusion_builder_column_1_1 1_1 fusion-one-full fusion-column-first fusion-column-last\" style=\"--awb-bg-size:cover;\"><div class=\"fusion-column-wrapper fusion-column-has-shadow fusion-flex-column-wrapper-legacy\"><div class=\"fusion-text fusion-text-3\"><h1><strong>10.1 La vida social y comunitaria<\/strong><\/h1>\n<p>Es importante tener en cuenta la importancia de mantener una vida social de las personas mayores dependientes, ya sea a trav\u00e9s de actividades f\u00edsicas, sociales, culturales o de ocio.<\/p>\n<\/div><div class=\"fusion-clearfix\"><\/div><\/div><\/div><div class=\"fusion-layout-column fusion_builder_column fusion-builder-column-4 fusion_builder_column_1_2 1_2 fusion-one-half fusion-column-first\" style=\"--awb-bg-size:cover;width:50%;width:calc(50% - ( ( 4% ) * 0.5 ) );margin-right: 4%;\"><div class=\"fusion-column-wrapper fusion-column-has-shadow fusion-flex-column-wrapper-legacy\"><div class=\"fusion-text fusion-text-4\"><p>Para reflexionar sobre este aspecto os animamos a visualizar el siguiente v\u00eddeo elaborado por el Instituto de Mayores y Servicios Sociales (IMSERSO) sobre la importancia de las relaciones sociales frente a la soledad y aislamiento:<\/p>\n<\/div><div class=\"fusion-clearfix\"><\/div><\/div><\/div><div class=\"fusion-layout-column fusion_builder_column fusion-builder-column-5 fusion_builder_column_1_2 1_2 fusion-one-half fusion-column-last\" style=\"--awb-bg-size:cover;width:50%;width:calc(50% - ( ( 4% ) * 0.5 ) );\"><div class=\"fusion-column-wrapper fusion-column-has-shadow fusion-flex-column-wrapper-legacy\"><a class=\"awb-lightbox awb-lightbox-1 video-lightbox\" href=\"http:\/\/www.youtube.com\/embed\/t-M4A---jKY\" data-rel=\"iLightbox\"><img decoding=\"async\" src=\"https:\/\/www.fsyc.org\/cuidarnet\/archivos\/capitulo10-video-vida-social.jpg\"><\/a><div class=\"fusion-clearfix\"><\/div><\/div><\/div><div class=\"fusion-layout-column fusion_builder_column fusion-builder-column-6 fusion_builder_column_1_1 1_1 fusion-one-full fusion-column-first fusion-column-last\" style=\"--awb-bg-size:cover;\"><div class=\"fusion-column-wrapper fusion-column-has-shadow fusion-flex-column-wrapper-legacy\"><div class=\"fusion-text fusion-text-5\"><h2>Propuesta de algunas actividades de ocio<\/h2>\n<\/div><div class=\"fusion-clearfix\"><\/div><\/div><\/div><\/div><\/div><div class=\"fusion-fullwidth fullwidth-box fusion-builder-row-3 nonhundred-percent-fullwidth non-hundred-percent-height-scrolling fusion-equal-height-columns\" style=\"--awb-border-radius-top-left:0px;--awb-border-radius-top-right:0px;--awb-border-radius-bottom-right:0px;--awb-border-radius-bottom-left:0px;--awb-flex-wrap:wrap;\" ><div class=\"fusion-builder-row fusion-row\"><div class=\"fusion-layout-column fusion_builder_column fusion-builder-column-7 fusion_builder_column_1_2 1_2 fusion-one-half fusion-column-first\" style=\"--awb-bg-size:cover;width:50%;width:calc(50% - ( ( 4% ) * 0.5 ) );margin-right: 4%;\"><div class=\"fusion-column-wrapper fusion-column-has-shadow fusion-flex-column-wrapper-legacy\"><div class=\"fusion-image-element fusion-image-align-center in-legacy-container\" style=\"text-align:center;--awb-caption-title-font-family:var(--h2_typography-font-family);--awb-caption-title-font-weight:var(--h2_typography-font-weight);--awb-caption-title-font-style:var(--h2_typography-font-style);--awb-caption-title-size:var(--h2_typography-font-size);--awb-caption-title-transform:var(--h2_typography-text-transform);--awb-caption-title-line-height:var(--h2_typography-line-height);--awb-caption-title-letter-spacing:var(--h2_typography-letter-spacing);\"><div class=\"imageframe-align-center\"><span class=\" fusion-imageframe imageframe-none imageframe-2 hover-type-none\"><img decoding=\"async\" width=\"900\" height=\"540\" title=\"capitulo10-actividades1\" src=\"https:\/\/www.fsyc.org\/cuidarnet\/archivos\/capitulo10-actividades1.jpg\" alt class=\"img-responsive wp-image-12193\" srcset=\"https:\/\/www.fsyc.org\/cuidarnet\/archivos\/capitulo10-actividades1-200x120.jpg 200w, https:\/\/www.fsyc.org\/cuidarnet\/archivos\/capitulo10-actividades1-400x240.jpg 400w, https:\/\/www.fsyc.org\/cuidarnet\/archivos\/capitulo10-actividades1-600x360.jpg 600w, https:\/\/www.fsyc.org\/cuidarnet\/archivos\/capitulo10-actividades1-800x480.jpg 800w, https:\/\/www.fsyc.org\/cuidarnet\/archivos\/capitulo10-actividades1.jpg 900w\" sizes=\"(max-width: 960px) 100vw, 600px\" \/><\/span><\/div><\/div><div class=\"fusion-text fusion-text-6\"><p><strong>Salir a \u00abtomar el aire\u00bb<\/strong><\/p>\n<p>Siempre que sea posible, hay que salir a \u00abtomar el aire\u00bb y el sol al exterior. \u00abTomar el aire\u00bb hace que llegue m\u00e1s ox\u00edgeno a los pulmones y el cuerpo funcione mejor. En el caso de pacientes encamados, es conveniente ventilar la habitaci\u00f3n al menos una vez al d\u00eda.<\/p>\n<\/div><div class=\"fusion-clearfix\"><\/div><\/div><\/div><div class=\"fusion-layout-column fusion_builder_column fusion-builder-column-8 fusion_builder_column_1_2 1_2 fusion-one-half fusion-column-last\" style=\"--awb-bg-size:cover;width:50%;width:calc(50% - ( ( 4% ) * 0.5 ) );\"><div class=\"fusion-column-wrapper fusion-column-has-shadow fusion-flex-column-wrapper-legacy\"><div class=\"fusion-image-element fusion-image-align-center in-legacy-container\" style=\"text-align:center;--awb-caption-title-font-family:var(--h2_typography-font-family);--awb-caption-title-font-weight:var(--h2_typography-font-weight);--awb-caption-title-font-style:var(--h2_typography-font-style);--awb-caption-title-size:var(--h2_typography-font-size);--awb-caption-title-transform:var(--h2_typography-text-transform);--awb-caption-title-line-height:var(--h2_typography-line-height);--awb-caption-title-letter-spacing:var(--h2_typography-letter-spacing);\"><div class=\"imageframe-align-center\"><span class=\" fusion-imageframe imageframe-none imageframe-3 hover-type-none\"><img decoding=\"async\" width=\"900\" height=\"540\" title=\"capitulo10-actividades2\" src=\"https:\/\/www.fsyc.org\/cuidarnet\/archivos\/capitulo10-actividades2.jpg\" alt class=\"img-responsive wp-image-12194\" srcset=\"https:\/\/www.fsyc.org\/cuidarnet\/archivos\/capitulo10-actividades2-200x120.jpg 200w, https:\/\/www.fsyc.org\/cuidarnet\/archivos\/capitulo10-actividades2-400x240.jpg 400w, https:\/\/www.fsyc.org\/cuidarnet\/archivos\/capitulo10-actividades2-600x360.jpg 600w, https:\/\/www.fsyc.org\/cuidarnet\/archivos\/capitulo10-actividades2-800x480.jpg 800w, https:\/\/www.fsyc.org\/cuidarnet\/archivos\/capitulo10-actividades2.jpg 900w\" sizes=\"(max-width: 960px) 100vw, 600px\" \/><\/span><\/div><\/div><div class=\"fusion-text fusion-text-7\"><p><strong>Escuchar m\u00fasica y cantar<\/strong><\/p>\n<p>Escuchar m\u00fasica activa todo el cerebro y mejora el estado an\u00edmico. Algunos estudios han mostrado que mejora el lenguaje, la atenci\u00f3n y la memoria inmediata y reduce la ansiedad y la depresi\u00f3n. Es recomendable buscar estilos musicales acordes con los gustos de la persona dependiente y canciones de su juventud que pueda reconocer; eso le permitir\u00e1 cantarlas y le evocar\u00e1 experiencias agradables.<\/p>\n<\/div><div class=\"fusion-clearfix\"><\/div><\/div><\/div><div class=\"fusion-layout-column fusion_builder_column fusion-builder-column-9 fusion_builder_column_1_2 1_2 fusion-one-half fusion-column-first\" style=\"--awb-bg-size:cover;width:50%;width:calc(50% - ( ( 4% ) * 0.5 ) );margin-right: 4%;\"><div class=\"fusion-column-wrapper fusion-column-has-shadow fusion-flex-column-wrapper-legacy\"><div class=\"fusion-image-element fusion-image-align-center in-legacy-container\" style=\"text-align:center;--awb-caption-title-font-family:var(--h2_typography-font-family);--awb-caption-title-font-weight:var(--h2_typography-font-weight);--awb-caption-title-font-style:var(--h2_typography-font-style);--awb-caption-title-size:var(--h2_typography-font-size);--awb-caption-title-transform:var(--h2_typography-text-transform);--awb-caption-title-line-height:var(--h2_typography-line-height);--awb-caption-title-letter-spacing:var(--h2_typography-letter-spacing);\"><div class=\"imageframe-align-center\"><span class=\" fusion-imageframe imageframe-none imageframe-4 hover-type-none\"><img decoding=\"async\" width=\"900\" height=\"540\" title=\"capitulo10-actividades3\" src=\"https:\/\/www.fsyc.org\/cuidarnet\/archivos\/capitulo10-actividades3.jpg\" alt class=\"img-responsive wp-image-12195\" srcset=\"https:\/\/www.fsyc.org\/cuidarnet\/archivos\/capitulo10-actividades3-200x120.jpg 200w, https:\/\/www.fsyc.org\/cuidarnet\/archivos\/capitulo10-actividades3-400x240.jpg 400w, https:\/\/www.fsyc.org\/cuidarnet\/archivos\/capitulo10-actividades3-600x360.jpg 600w, https:\/\/www.fsyc.org\/cuidarnet\/archivos\/capitulo10-actividades3-800x480.jpg 800w, https:\/\/www.fsyc.org\/cuidarnet\/archivos\/capitulo10-actividades3.jpg 900w\" sizes=\"(max-width: 960px) 100vw, 600px\" \/><\/span><\/div><\/div><div class=\"fusion-text fusion-text-8\"><p><strong>Pel\u00edculas y series<\/strong><\/p>\n<p>Ver pel\u00edculas permite disfrutar de distintas experiencias y trasladarse a tiempos y espacios distintos de los conocidos sin moverse de casa y sin realizar un gran esfuerzo. Las series, adem\u00e1s, mantienen la motivaci\u00f3n para seguir el siguiente cap\u00edtulo y esperarlo con ilusi\u00f3n.<\/p>\n<\/div><div class=\"fusion-clearfix\"><\/div><\/div><\/div><div class=\"fusion-layout-column fusion_builder_column fusion-builder-column-10 fusion_builder_column_1_2 1_2 fusion-one-half fusion-column-last\" style=\"--awb-bg-size:cover;width:50%;width:calc(50% - ( ( 4% ) * 0.5 ) );\"><div class=\"fusion-column-wrapper fusion-column-has-shadow fusion-flex-column-wrapper-legacy\"><div class=\"fusion-image-element fusion-image-align-center in-legacy-container\" style=\"text-align:center;--awb-caption-title-font-family:var(--h2_typography-font-family);--awb-caption-title-font-weight:var(--h2_typography-font-weight);--awb-caption-title-font-style:var(--h2_typography-font-style);--awb-caption-title-size:var(--h2_typography-font-size);--awb-caption-title-transform:var(--h2_typography-text-transform);--awb-caption-title-line-height:var(--h2_typography-line-height);--awb-caption-title-letter-spacing:var(--h2_typography-letter-spacing);\"><div class=\"imageframe-align-center\"><span class=\" fusion-imageframe imageframe-none imageframe-5 hover-type-none\"><img decoding=\"async\" width=\"900\" height=\"540\" title=\"capitulo10-actividades4\" src=\"https:\/\/www.fsyc.org\/cuidarnet\/archivos\/capitulo10-actividades4.jpg\" alt class=\"img-responsive wp-image-12196\" srcset=\"https:\/\/www.fsyc.org\/cuidarnet\/archivos\/capitulo10-actividades4-200x120.jpg 200w, https:\/\/www.fsyc.org\/cuidarnet\/archivos\/capitulo10-actividades4-400x240.jpg 400w, https:\/\/www.fsyc.org\/cuidarnet\/archivos\/capitulo10-actividades4-600x360.jpg 600w, https:\/\/www.fsyc.org\/cuidarnet\/archivos\/capitulo10-actividades4-800x480.jpg 800w, https:\/\/www.fsyc.org\/cuidarnet\/archivos\/capitulo10-actividades4.jpg 900w\" sizes=\"(max-width: 960px) 100vw, 600px\" \/><\/span><\/div><\/div><div class=\"fusion-text fusion-text-9\"><p><strong>Leer la prensa y libros<\/strong><\/p>\n<p>Los beneficios de la lectura son m\u00faltiples: desde el entretenimiento sin m\u00e1s, hasta el conocimiento de los acontecimientos del mundo exterior y el desarrollo y la estimulaci\u00f3n de procesos cognitivos. Cuando existe deterioro cognitivo los textos deben ser sencillos; en ocasiones habr\u00e1 que limitarse a la lectura de los titulares de prensa o a la observaci\u00f3n de fotograf\u00edas.<\/p>\n<\/div><div class=\"fusion-clearfix\"><\/div><\/div><\/div><div class=\"fusion-layout-column fusion_builder_column fusion-builder-column-11 fusion_builder_column_1_2 1_2 fusion-one-half fusion-column-first\" style=\"--awb-bg-size:cover;width:50%;width:calc(50% - ( ( 4% ) * 0.5 ) );margin-right: 4%;\"><div class=\"fusion-column-wrapper fusion-column-has-shadow fusion-flex-column-wrapper-legacy\"><div class=\"fusion-image-element fusion-image-align-center in-legacy-container\" style=\"text-align:center;--awb-caption-title-font-family:var(--h2_typography-font-family);--awb-caption-title-font-weight:var(--h2_typography-font-weight);--awb-caption-title-font-style:var(--h2_typography-font-style);--awb-caption-title-size:var(--h2_typography-font-size);--awb-caption-title-transform:var(--h2_typography-text-transform);--awb-caption-title-line-height:var(--h2_typography-line-height);--awb-caption-title-letter-spacing:var(--h2_typography-letter-spacing);\"><div class=\"imageframe-align-center\"><span class=\" fusion-imageframe imageframe-none imageframe-6 hover-type-none\"><img decoding=\"async\" width=\"900\" height=\"540\" title=\"capitulo10-actividades5\" src=\"https:\/\/www.fsyc.org\/cuidarnet\/archivos\/capitulo10-actividades5.jpg\" alt class=\"img-responsive wp-image-12197\" srcset=\"https:\/\/www.fsyc.org\/cuidarnet\/archivos\/capitulo10-actividades5-200x120.jpg 200w, https:\/\/www.fsyc.org\/cuidarnet\/archivos\/capitulo10-actividades5-400x240.jpg 400w, https:\/\/www.fsyc.org\/cuidarnet\/archivos\/capitulo10-actividades5-600x360.jpg 600w, https:\/\/www.fsyc.org\/cuidarnet\/archivos\/capitulo10-actividades5-800x480.jpg 800w, https:\/\/www.fsyc.org\/cuidarnet\/archivos\/capitulo10-actividades5.jpg 900w\" sizes=\"(max-width: 960px) 100vw, 600px\" \/><\/span><\/div><\/div><div class=\"fusion-text fusion-text-10\"><p><strong>Pasatiempos<\/strong><\/p>\n<p>Existen multitud de pasatiempos (puzles, autodefinidos, buscar diferencias&#8230;) que, adem\u00e1s de entretener y estimular distintas funciones cognitivas, son actividades placenteras.<\/p>\n<\/div><div class=\"fusion-clearfix\"><\/div><\/div><\/div><div class=\"fusion-layout-column fusion_builder_column fusion-builder-column-12 fusion_builder_column_1_2 1_2 fusion-one-half fusion-column-last\" style=\"--awb-bg-size:cover;width:50%;width:calc(50% - ( ( 4% ) * 0.5 ) );\"><div class=\"fusion-column-wrapper fusion-column-has-shadow fusion-flex-column-wrapper-legacy\"><div class=\"fusion-image-element fusion-image-align-center in-legacy-container\" style=\"text-align:center;--awb-caption-title-font-family:var(--h2_typography-font-family);--awb-caption-title-font-weight:var(--h2_typography-font-weight);--awb-caption-title-font-style:var(--h2_typography-font-style);--awb-caption-title-size:var(--h2_typography-font-size);--awb-caption-title-transform:var(--h2_typography-text-transform);--awb-caption-title-line-height:var(--h2_typography-line-height);--awb-caption-title-letter-spacing:var(--h2_typography-letter-spacing);\"><div class=\"imageframe-align-center\"><span class=\" fusion-imageframe imageframe-none imageframe-7 hover-type-none\"><img decoding=\"async\" width=\"900\" height=\"540\" title=\"capitulo10-actividades6\" src=\"https:\/\/www.fsyc.org\/cuidarnet\/archivos\/capitulo10-actividades6.jpg\" alt class=\"img-responsive wp-image-12198\" srcset=\"https:\/\/www.fsyc.org\/cuidarnet\/archivos\/capitulo10-actividades6-200x120.jpg 200w, https:\/\/www.fsyc.org\/cuidarnet\/archivos\/capitulo10-actividades6-400x240.jpg 400w, https:\/\/www.fsyc.org\/cuidarnet\/archivos\/capitulo10-actividades6-600x360.jpg 600w, https:\/\/www.fsyc.org\/cuidarnet\/archivos\/capitulo10-actividades6-800x480.jpg 800w, https:\/\/www.fsyc.org\/cuidarnet\/archivos\/capitulo10-actividades6.jpg 900w\" sizes=\"(max-width: 960px) 100vw, 600px\" \/><\/span><\/div><\/div><div class=\"fusion-text fusion-text-11\"><p><strong>Mandalas<\/strong><\/p>\n<p>Colorear mandalas es una actividad sencilla que no requiere conocimientos ni experiencias previas y que genera sensaci\u00f3n de tranquilidad, relajaci\u00f3n y creatividad. Existen algunas p\u00e1ginas web donde pueden descargarse distintos modelos, por ejemplo:<\/p>\n<ul>\n<li><a href=\"http:\/\/www.colorear.net\/dibujos\/colorear-Mandalas-209.html\">http:\/\/www.colorear.net\/dibujos\/colorear-Mandalas-209.html<\/a><\/li>\n<li><a href=\"http:\/\/www.mandalas.es\/mandalas_blanco.htm\">http:\/\/www.mandalas.es\/mandalas_blanco.htm<\/a><\/li>\n<\/ul>\n<\/div><div class=\"fusion-clearfix\"><\/div><\/div><\/div><div class=\"fusion-layout-column fusion_builder_column fusion-builder-column-13 fusion_builder_column_1_1 1_1 fusion-one-full fusion-column-first fusion-column-last fusion-column-no-min-height\" style=\"--awb-bg-size:cover;\"><div class=\"fusion-column-wrapper fusion-column-has-shadow fusion-flex-column-wrapper-legacy\"><div class=\"fusion-clearfix\"><\/div><\/div><\/div><\/div><\/div><div class=\"fusion-fullwidth fullwidth-box fusion-builder-row-4 nonhundred-percent-fullwidth non-hundred-percent-height-scrolling\" style=\"--awb-border-radius-top-left:0px;--awb-border-radius-top-right:0px;--awb-border-radius-bottom-right:0px;--awb-border-radius-bottom-left:0px;--awb-flex-wrap:wrap;\" ><div class=\"fusion-builder-row fusion-row\"><div class=\"fusion-layout-column fusion_builder_column fusion-builder-column-14 fusion_builder_column_1_1 1_1 fusion-one-full fusion-column-first fusion-column-last\" style=\"--awb-bg-size:cover;\"><div class=\"fusion-column-wrapper fusion-column-has-shadow fusion-flex-column-wrapper-legacy\"><div class=\"fusion-alignleft\"><a class=\"fusion-button button-flat button-large button-custom fusion-button-default button-1 fusion-button-default-span \" style=\"--button_accent_color:rgba(255,255,255,.8);--button_accent_hover_color:rgba(255,255,255,.9);--button_border_hover_color:rgba(255,255,255,.9);--button-border-radius-top-left:0px;--button-border-radius-top-right:0px;--button-border-radius-bottom-right:0px;--button-border-radius-bottom-left:0px;--button_gradient_top_color:#0cb3ac;--button_gradient_bottom_color:#0cb3ac;--button_gradient_top_color_hover:#1e807a;--button_gradient_bottom_color_hover:#1e807a;--button_text_transform:uppercase;\" target=\"_self\" href=\"https:\/\/www.fsyc.org\/cuidarnet\/temario-recursos-digitales\/9-salud-intimidad-y-vida-afectiva\/\"><i class=\"fa-angle-left fas button-icon-left\" aria-hidden=\"true\"><\/i><span class=\"fusion-button-text\">Tema 9<\/span><\/a><\/div><div class=\"fusion-clearfix\"><\/div><\/div><\/div><\/div><\/div><\/p>\n","protected":false},"excerpt":{"rendered":"","protected":false},"author":1,"featured_media":0,"parent":11845,"menu_order":0,"comment_status":"closed","ping_status":"closed","template":"100-width.php","meta":{"footnotes":""},"_links":{"self":[{"href":"https:\/\/www.fsyc.org\/cuidarnet\/wp-json\/wp\/v2\/pages\/11868"}],"collection":[{"href":"https:\/\/www.fsyc.org\/cuidarnet\/wp-json\/wp\/v2\/pages"}],"about":[{"href":"https:\/\/www.fsyc.org\/cuidarnet\/wp-json\/wp\/v2\/types\/page"}],"author":[{"embeddable":true,"href":"https:\/\/www.fsyc.org\/cuidarnet\/wp-json\/wp\/v2\/users\/1"}],"replies":[{"embeddable":true,"href":"https:\/\/www.fsyc.org\/cuidarnet\/wp-json\/wp\/v2\/comments?post=11868"}],"version-history":[{"count":9,"href":"https:\/\/www.fsyc.org\/cuidarnet\/wp-json\/wp\/v2\/pages\/11868\/revisions"}],"predecessor-version":[{"id":12331,"href":"https:\/\/www.fsyc.org\/cuidarnet\/wp-json\/wp\/v2\/pages\/11868\/revisions\/12331"}],"up":[{"embeddable":true,"href":"https:\/\/www.fsyc.org\/cuidarnet\/wp-json\/wp\/v2\/pages\/11845"}],"wp:attachment":[{"href":"https:\/\/www.fsyc.org\/cuidarnet\/wp-json\/wp\/v2\/media?parent=11868"}],"curies":[{"name":"wp","href":"https:\/\/api.w.org\/{rel}","templated":true}]}}