{"id":11850,"date":"2019-07-24T10:36:53","date_gmt":"2019-07-24T10:36:53","guid":{"rendered":"https:\/\/www.fsyc.org\/cuidarnet\/?page_id=11850"},"modified":"2020-01-16T11:37:15","modified_gmt":"2020-01-16T11:37:15","slug":"2-el-burnout-o-sindrome-del-cuidador-quemado","status":"publish","type":"page","link":"https:\/\/www.fsyc.org\/cuidarnet\/temario-cuidar-al-que-cuida\/2-el-burnout-o-sindrome-del-cuidador-quemado\/","title":{"rendered":"2 &#8211; El burnout o s\u00edndrome del cuidador quemado"},"content":{"rendered":"<p><div class=\"fusion-fullwidth fullwidth-box fusion-builder-row-1 titulo-pagina-container hundred-percent-fullwidth non-hundred-percent-height-scrolling fusion-equal-height-columns\" style=\"--awb-background-position:left top;--awb-border-radius-top-left:0px;--awb-border-radius-top-right:0px;--awb-border-radius-bottom-right:0px;--awb-border-radius-bottom-left:0px;--awb-padding-top:0px;--awb-padding-right:0px;--awb-padding-bottom:0px;--awb-padding-left:0px;--awb-margin-bottom:55px;--awb-background-color:#0cb3ac;--awb-flex-wrap:wrap;\" ><div class=\"fusion-builder-row fusion-row\"><div class=\"fusion-layout-column fusion_builder_column fusion-builder-column-0 fusion_builder_column_1_1 1_1 fusion-one-full fusion-column-first fusion-column-last fusion-column-no-min-height\" style=\"--awb-bg-size:cover;--awb-margin-bottom:0px;\"><div class=\"fusion-column-wrapper fusion-column-has-shadow fusion-flex-column-wrapper-legacy\"><div class=\"fusion-text fusion-text-1 home-capitulo-franja-modulo\"><p>M\u00f3dulo I<\/p>\n<\/div><div class=\"fusion-clearfix\"><\/div><\/div><\/div><div class=\"fusion-layout-column fusion_builder_column fusion-builder-column-1 fusion_builder_column_1_3 1_3 fusion-one-third fusion-column-first\" style=\"--awb-padding-top:30px;--awb-padding-right:30px;--awb-padding-bottom:0px;--awb-padding-left:30px;--awb-bg-color:#1e807a;--awb-bg-color-hover:#1e807a;--awb-bg-size:cover;--awb-margin-bottom:0px;width:33.333333333333%;width:calc(33.333333333333% - ( ( 4% ) * 0.33333333333333 ) );margin-right: 4%;\"><div class=\"fusion-column-wrapper fusion-column-has-shadow fusion-flex-column-wrapper-legacy\"><div class=\"fusion-column-content-centered\"><div class=\"fusion-column-content\"><div class=\"fusion-image-element fusion-image-align-center in-legacy-container\" style=\"text-align:center;--awb-caption-title-font-family:var(--h2_typography-font-family);--awb-caption-title-font-weight:var(--h2_typography-font-weight);--awb-caption-title-font-style:var(--h2_typography-font-style);--awb-caption-title-size:var(--h2_typography-font-size);--awb-caption-title-transform:var(--h2_typography-text-transform);--awb-caption-title-line-height:var(--h2_typography-line-height);--awb-caption-title-letter-spacing:var(--h2_typography-letter-spacing);\"><div class=\"imageframe-align-center\"><span class=\" fusion-imageframe imageframe-none imageframe-1 hover-type-none fusion-animated\" data-animationType=\"slideInLeft\" data-animationDuration=\"0.3\" data-animationOffset=\"top-into-view\"><img decoding=\"async\" width=\"550\" height=\"450\" title=\"capitulo2-header-bg\" src=\"https:\/\/www.fsyc.org\/cuidarnet\/archivos\/capitulo2-header-bg.png\" alt class=\"img-responsive wp-image-11928\" srcset=\"https:\/\/www.fsyc.org\/cuidarnet\/archivos\/capitulo2-header-bg-200x164.png 200w, https:\/\/www.fsyc.org\/cuidarnet\/archivos\/capitulo2-header-bg-400x327.png 400w, https:\/\/www.fsyc.org\/cuidarnet\/archivos\/capitulo2-header-bg.png 550w\" sizes=\"(max-width: 960px) 100vw, 400px\" \/><\/span><\/div><\/div><\/div><\/div><div class=\"fusion-clearfix\"><\/div><\/div><\/div><div class=\"fusion-layout-column fusion_builder_column fusion-builder-column-2 fusion_builder_column_2_3 2_3 fusion-two-third fusion-column-last\" style=\"--awb-padding-right:30px;--awb-padding-left:30px;--awb-bg-size:cover;--awb-margin-bottom:0px;width:66.666666666667%;width:calc(66.666666666667% - ( ( 4% ) * 0.66666666666667 ) );\"><div class=\"fusion-column-wrapper fusion-column-has-shadow fusion-flex-column-wrapper-legacy\"><div class=\"fusion-column-content-centered\"><div class=\"fusion-column-content\"><div class=\"fusion-text fusion-text-2 numero-capitulo\"><p style=\"text-align: center;\">2<\/p>\n<\/div><div class=\"fusion-title title fusion-title-1 fusion-title-text fusion-title-size-one titulo-pagina width800\" style=\"--awb-text-color:#ffffff;--awb-margin-bottom:12px;\"><h1 class=\"fusion-title-heading title-heading-left fusion-responsive-typography-calculated\" style=\"margin:0;--fontSize:33;line-height:1.45;\">El <em>burnout <\/em>o s\u00edndrome del cuidador quemado<\/h1><span class=\"awb-title-spacer\"><\/span><div class=\"title-sep-container\"><div class=\"title-sep sep- sep-solid\" style=\"border-color:#e0dede;\"><\/div><\/div><\/div><div class=\"fusion-title title fusion-title-2 fusion-title-text fusion-title-size-five width800\" style=\"--awb-text-color:#ffffff;\"><h5 class=\"fusion-title-heading title-heading-left fusion-responsive-typography-calculated\" style=\"margin:0;--fontSize:20;--minFontSize:20;line-height:1.38;\">El desgaste del cuidador\/a: causas, consecuencias, prevenci\u00f3n y apoyo.<\/h5><span class=\"awb-title-spacer\"><\/span><div class=\"title-sep-container\"><div class=\"title-sep sep- sep-solid\" style=\"border-color:#e0dede;\"><\/div><\/div><\/div><\/div><\/div><div class=\"fusion-clearfix\"><\/div><\/div><\/div><\/div><\/div><div class=\"fusion-fullwidth fullwidth-box fusion-builder-row-2 nonhundred-percent-fullwidth non-hundred-percent-height-scrolling\" style=\"--awb-border-radius-top-left:0px;--awb-border-radius-top-right:0px;--awb-border-radius-bottom-right:0px;--awb-border-radius-bottom-left:0px;--awb-flex-wrap:wrap;\" ><div class=\"fusion-builder-row fusion-row\"><div class=\"fusion-layout-column fusion_builder_column fusion-builder-column-3 fusion_builder_column_1_1 1_1 fusion-one-full fusion-column-first fusion-column-last\" style=\"--awb-bg-size:cover;\"><div class=\"fusion-column-wrapper fusion-column-has-shadow fusion-flex-column-wrapper-legacy\"><div class=\"fusion-text fusion-text-3\"><h1><strong>2.1 \u00bfQU\u00c9 ES EL S\u00cdNDROME DEL CUIDADOR?<\/strong><\/h1>\n<p>Se conoce como S\u00edndrome del cuidador quemado o burnout del cuidador el estado de agotamiento f\u00edsico, emocional y mental que puede ir acompa\u00f1ado de un cambio en la actitud, pasando de mostrarte una persona positiva y afectuosa a una persona negativa e indiferente.<\/p>\n<h2><strong>CONSECUENCIAS<\/strong><\/h2>\n<p>Dicho agotamiento puedo ocurrir cuando se intenta hacer m\u00e1s de lo que se puede, ya sea f\u00edsica, emocional e incluso econ\u00f3micamente. De hecho, muchos cuidadores\/as que est\u00e1n agotados o ya directamente \u201cquemados\u201d, pueden experimentar fatiga, estr\u00e9s, ansiedad y depresi\u00f3n. Incluso puede que se sientan culpables cuando invierten tiempo en consigo mismos en vez de estar con la persona que cuidan.<\/p>\n<h1><strong>2.2 \u00bfC\u00f3mo saber si tengo el s\u00edndrome del cuidador?<\/strong><\/h1>\n<\/div><ul style=\"--awb-size:18px;--awb-line-height:30.6px;--awb-icon-width:30.6px;--awb-icon-height:30.6px;--awb-icon-margin:12.6px;--awb-content-margin:43.2px;--awb-circlecolor:#0cb3ac;--awb-circle-yes-font-size:15.84px;\" class=\"fusion-checklist fusion-checklist-1 fusion-checklist-default type-icons\"><li class=\"fusion-li-item\" style=\"\"><span class=\"icon-wrapper circle-yes\"><i class=\"fusion-li-icon fa-angle-right fas\" aria-hidden=\"true\"><\/i><\/span><div class=\"fusion-li-item-content\">\n<p>He perdido las ganas de quedar con gente, amigas\/os, familia para hacer actividades<\/p>\n<\/div><\/li><li class=\"fusion-li-item\" style=\"\"><span class=\"icon-wrapper circle-yes\"><i class=\"fusion-li-icon fa-angle-right fas\" aria-hidden=\"true\"><\/i><\/span><div class=\"fusion-li-item-content\">\n<p>Mi salud se est\u00e1 empeorando, tanto f\u00edsica como psicol\u00f3gica<\/p>\n<\/div><\/li><li class=\"fusion-li-item\" style=\"\"><span class=\"icon-wrapper circle-yes\"><i class=\"fusion-li-icon fa-angle-right fas\" aria-hidden=\"true\"><\/i><\/span><div class=\"fusion-li-item-content\">\n<p>Me cuesta comprometerme y he dejado de hacer cosas importantes<\/p>\n<\/div><\/li><li class=\"fusion-li-item\" style=\"\"><span class=\"icon-wrapper circle-yes\"><i class=\"fusion-li-icon fa-angle-right fas\" aria-hidden=\"true\"><\/i><\/span><div class=\"fusion-li-item-content\">\n<p>No tengo tiempo para hacer las cosas que me gustan<\/p>\n<\/div><\/li><li class=\"fusion-li-item\" style=\"\"><span class=\"icon-wrapper circle-yes\"><i class=\"fusion-li-icon fa-angle-right fas\" aria-hidden=\"true\"><\/i><\/span><div class=\"fusion-li-item-content\">\n<p>Tengo sentimientos negativos hacia la persona a la que cuido<\/p>\n<\/div><\/li><li class=\"fusion-li-item\" style=\"\"><span class=\"icon-wrapper circle-yes\"><i class=\"fusion-li-icon fa-angle-right fas\" aria-hidden=\"true\"><\/i><\/span><div class=\"fusion-li-item-content\">\n<p>Me siento con agotamiento, ansiedad y estoy irritable<\/p>\n<\/div><\/li><li class=\"fusion-li-item\" style=\"\"><span class=\"icon-wrapper circle-yes\"><i class=\"fusion-li-icon fa-angle-right fas\" aria-hidden=\"true\"><\/i><\/span><div class=\"fusion-li-item-content\">\n<p>Creo que ninguna persona puede cuidar mejor que yo cuido<\/p>\n<\/div><\/li><\/ul><div class=\"fusion-text fusion-text-4\"><p>Visita la infograf\u00eda: <a href=\"https:\/\/www2.cruzroja.es\/documents\/5640665\/13654204\/Tengo+el+burn-out+s%C3%ADndrome+del+cuidador.png\" target=\"_blank\" rel=\"noopener noreferrer\">\u00bfTengo el burnout o s\u00edndrome del cuidador quemado?<\/a><\/p>\n<\/div><div class=\"fusion-clearfix\"><\/div><\/div><\/div><div class=\"fusion-layout-column fusion_builder_column fusion-builder-column-4 fusion_builder_column_1_1 1_1 fusion-one-full fusion-column-first fusion-column-last columna-texto-destacado\" style=\"--awb-bg-color:#0cb3ac;--awb-bg-color-hover:#0cb3ac;--awb-bg-size:cover;\"><div class=\"fusion-column-wrapper fusion-column-has-shadow fusion-flex-column-wrapper-legacy\"><div class=\"fusion-text fusion-text-5\"><p>Una vez valoradas estas posibles se\u00f1ales de alarma, es importante actuar para prevenir y no olvidar que, para poder cuidar, lo principal es CUIDARSE.<\/p>\n<\/div><div class=\"fusion-clearfix\"><\/div><\/div><\/div><\/div><\/div><div class=\"fusion-fullwidth fullwidth-box fusion-builder-row-3 nonhundred-percent-fullwidth non-hundred-percent-height-scrolling\" style=\"--awb-border-radius-top-left:0px;--awb-border-radius-top-right:0px;--awb-border-radius-bottom-right:0px;--awb-border-radius-bottom-left:0px;--awb-flex-wrap:wrap;\" ><div class=\"fusion-builder-row fusion-row\"><div class=\"fusion-layout-column fusion_builder_column fusion-builder-column-5 fusion_builder_column_1_1 1_1 fusion-one-full fusion-column-first fusion-column-last\" style=\"--awb-bg-size:cover;\"><div class=\"fusion-column-wrapper fusion-column-has-shadow fusion-flex-column-wrapper-legacy\"><div class=\"fusion-text fusion-text-6\"><h1><strong>2.3 Cinco consejos b\u00e1sicos para su prevenci\u00f3n<\/strong><\/h1>\n<ol>\n<li>Pedir ayuda (a familiares, amigos, profesionales\u2026)<\/li>\n<li>El sacrificio total no tiene sentido. La persona que cuida no debe olvidarse de s\u00ed mismo.<\/li>\n<li>Es importante cuidarse de aspectos b\u00e1sicos como la alimentaci\u00f3n y procurar realizar ejercicio.<\/li>\n<li>Programa siempre para tomarte descansos diarios.<\/li>\n<li>Y entre otros, se debe aprender a poner l\u00edmites a las demandas y marcarse objetivos a corto plazo.<\/li>\n<\/ol>\n<h1>2.3 M\u00e1s recursos<\/h1>\n<p>Para terminar, te proponemos la lectura de la reflexi\u00f3n de <strong>Bego\u00f1a Aricha Esteve<\/strong>, referente del Multicanal SercuidadorA en la Creu Roja Catalunya, sobre los \u201croles en la vida\u201d:<\/p>\n<\/div><div class=\"fusion-button-wrapper\"><a class=\"fusion-button button-flat button-large button-custom fusion-button-default button-1 fusion-button-default-span \" style=\"--button_accent_color:rgba(255,255,255,.8);--button_accent_hover_color:rgba(255,255,255,.9);--button_border_hover_color:rgba(255,255,255,.9);--button-border-radius-top-left:0;--button-border-radius-top-right:0;--button-border-radius-bottom-right:0;--button-border-radius-bottom-left:0;--button_gradient_top_color:#0cb3ac;--button_gradient_bottom_color:#0cb3ac;--button_gradient_top_color_hover:#1e807a;--button_gradient_bottom_color_hover:#1e807a;--button_text_transform:uppercase;\" target=\"_blank\" rel=\"noopener noreferrer\" href=\"https:\/\/www2.cruzroja.es\/web\/cruzroja\/-\/reflexion-sobre-nuestros-roles\"><span class=\"fusion-button-text\">Leer art\u00edculo<\/span><i class=\"fa-angle-right fas button-icon-right\" aria-hidden=\"true\"><\/i><\/a><\/div><div class=\"fusion-clearfix\"><\/div><\/div><\/div><\/div><\/div><div class=\"fusion-fullwidth fullwidth-box fusion-builder-row-4 nonhundred-percent-fullwidth non-hundred-percent-height-scrolling\" style=\"--awb-border-radius-top-left:0px;--awb-border-radius-top-right:0px;--awb-border-radius-bottom-right:0px;--awb-border-radius-bottom-left:0px;--awb-flex-wrap:wrap;\" ><div class=\"fusion-builder-row fusion-row\"><div class=\"fusion-layout-column fusion_builder_column fusion-builder-column-6 fusion_builder_column_1_1 1_1 fusion-one-full fusion-column-first fusion-column-last\" style=\"--awb-bg-size:cover;\"><div class=\"fusion-column-wrapper fusion-column-has-shadow fusion-flex-column-wrapper-legacy\"><div class=\"fusion-alignleft\"><a class=\"fusion-button button-flat button-large button-custom fusion-button-default button-2 fusion-button-default-span \" style=\"--button_accent_color:rgba(255,255,255,.8);--button_accent_hover_color:rgba(255,255,255,.9);--button_border_hover_color:rgba(255,255,255,.9);--button-border-radius-top-left:0;--button-border-radius-top-right:0;--button-border-radius-bottom-right:0;--button-border-radius-bottom-left:0;--button_gradient_top_color:#0cb3ac;--button_gradient_bottom_color:#0cb3ac;--button_gradient_top_color_hover:#1e807a;--button_gradient_bottom_color_hover:#1e807a;--button_text_transform:uppercase;\" target=\"_self\" href=\"https:\/\/www.fsyc.org\/cuidarnet\/temario-cuidar-al-que-cuida\/1-la-proteccion-juridica-para-mayores-dependientes-y-sus-cuidadoras\/\"><i class=\"fa-angle-left fas button-icon-left\" aria-hidden=\"true\"><\/i><span class=\"fusion-button-text\">Tema 1<\/span><\/a><\/div><div class=\"fusion-alignright\"><a class=\"fusion-button button-flat button-large button-custom fusion-button-default button-3 fusion-button-default-span \" style=\"--button_accent_color:rgba(255,255,255,.8);--button_accent_hover_color:rgba(255,255,255,.9);--button_border_hover_color:rgba(255,255,255,.9);--button-border-radius-top-left:0;--button-border-radius-top-right:0;--button-border-radius-bottom-right:0;--button-border-radius-bottom-left:0;--button_gradient_top_color:#0cb3ac;--button_gradient_bottom_color:#0cb3ac;--button_gradient_top_color_hover:#1e807a;--button_gradient_bottom_color_hover:#1e807a;--button_text_transform:uppercase;\" target=\"_self\" href=\"https:\/\/www.fsyc.org\/cuidarnet\/temario-recursos-digitales\/3-prevencion-de-riesgos-y-accidentes-domesticos\/\"><span class=\"fusion-button-text\">Tema 3<\/span><i class=\"fa-angle-right fas button-icon-right\" aria-hidden=\"true\"><\/i><\/a><\/div><div class=\"fusion-clearfix\"><\/div><\/div><\/div><\/div><\/div><\/p>\n","protected":false},"excerpt":{"rendered":"","protected":false},"author":1,"featured_media":0,"parent":11845,"menu_order":0,"comment_status":"closed","ping_status":"closed","template":"100-width.php","meta":{"footnotes":""},"_links":{"self":[{"href":"https:\/\/www.fsyc.org\/cuidarnet\/wp-json\/wp\/v2\/pages\/11850"}],"collection":[{"href":"https:\/\/www.fsyc.org\/cuidarnet\/wp-json\/wp\/v2\/pages"}],"about":[{"href":"https:\/\/www.fsyc.org\/cuidarnet\/wp-json\/wp\/v2\/types\/page"}],"author":[{"embeddable":true,"href":"https:\/\/www.fsyc.org\/cuidarnet\/wp-json\/wp\/v2\/users\/1"}],"replies":[{"embeddable":true,"href":"https:\/\/www.fsyc.org\/cuidarnet\/wp-json\/wp\/v2\/comments?post=11850"}],"version-history":[{"count":15,"href":"https:\/\/www.fsyc.org\/cuidarnet\/wp-json\/wp\/v2\/pages\/11850\/revisions"}],"predecessor-version":[{"id":12494,"href":"https:\/\/www.fsyc.org\/cuidarnet\/wp-json\/wp\/v2\/pages\/11850\/revisions\/12494"}],"up":[{"embeddable":true,"href":"https:\/\/www.fsyc.org\/cuidarnet\/wp-json\/wp\/v2\/pages\/11845"}],"wp:attachment":[{"href":"https:\/\/www.fsyc.org\/cuidarnet\/wp-json\/wp\/v2\/media?parent=11850"}],"curies":[{"name":"wp","href":"https:\/\/api.w.org\/{rel}","templated":true}]}}